{"id":3083,"date":"2023-07-18T06:24:58","date_gmt":"2023-07-18T06:24:58","guid":{"rendered":"https:\/\/kaizendo.mx\/?page_id=3083"},"modified":"2024-07-09T05:39:28","modified_gmt":"2024-07-09T05:39:28","slug":"privacy-policy","status":"publish","type":"page","link":"https:\/\/kaizendo.mx\/en\/privacy-policy\/","title":{"rendered":"Privacy Policy"},"content":{"rendered":"\n<div class=\"wp-block-uagb-container uagb-block-b85e8c17 alignfull uagb-is-root-container\"><div class=\"uagb-container__shape uagb-container__shape-top\"><svg xmlns=\"https:\/\/www.w3.org\/2000\/svg\" viewBox=\"0 0 283.5 19.6\" preserveAspectRatio=\"none\"><path class=\"uagb-container__shape-fill\" opacity=\"0.33\" d=\"M0 0L0 18.8 141.8 4.1 283.5 18.8 283.5 0z\"><\/path><path class=\"uagb-container__shape-fill\" opacity=\"0.33\" d=\"M0 0L0 12.6 141.8 4 283.5 12.6 283.5 0z\"><\/path><path class=\"uagb-container__shape-fill\" opacity=\"0.33\" d=\"M0 0L0 6.4 141.8 4 283.5 6.4 283.5 0z\"><\/path><path class=\"uagb-container__shape-fill\" d=\"M0 0L0 1.2 141.8 4 283.5 1.2 283.5 0z\"><\/path><\/svg><\/div><div class=\"uagb-container__shape uagb-container__shape-bottom uagb-container__invert\" data-negative=\"false\"><svg xmlns=\"https:\/\/www.w3.org\/2000\/svg\" viewBox=\"0 0 1000 100\" preserveAspectRatio=\"none\"><path class=\"uagb-container__shape-fill\" d=\"M0,6V0h1000v100L0,6z\"><\/path><\/svg><\/div><div class=\"uagb-container-inner-blocks-wrap\">\n<div class=\"wp-block-uagb-advanced-heading uagb-block-5442e563\"><h1 class=\"uagb-heading-text\">Privacy Policy<\/h1><\/div>\n<\/div><\/div>\n\n<div class=\"wp-block-uagb-container uagb-block-5f3687fa alignfull uagb-is-root-container\"><div class=\"uagb-container__shape uagb-container__shape-top\"><svg xmlns=\"https:\/\/www.w3.org\/2000\/svg\" viewBox=\"0 0 2600 131.1\" preserveAspectRatio=\"none\"><path class=\"uagb-container__shape-fill\" d=\"M0 0L2600 0 2600 69.1 0 0z\"><\/path><path class=\"uagb-container__shape-fill\" opacity=\"0.5\" d=\"M0 0L2600 0 2600 69.1 0 69.1z\"><\/path><path class=\"uagb-container__shape-fill\" opacity=\"0.25\" d=\"M2600 0L0 0 0 130.1 2600 69.1z\"><\/path><\/svg><\/div><div class=\"uagb-container-inner-blocks-wrap\">\n<div class=\"wp-block-uagb-info-box uagb-block-bb129934 uagb-infobox__content-wrap  uagb-infobox-icon-above-title uagb-infobox-image-valign-top\"><div class=\"uagb-ifb-content\"><div class=\"uagb-ifb-title-wrap\"><h4 class=\"uagb-ifb-title\"><strong>I.-IDENTITY AND ADDRESS OF THE RESPONSIBLE PARTY<\/strong><\/h4><\/div><p class=\"uagb-ifb-desc\"><strong>KAIZEN DO MEXICO S.A. DE C.V.<\/strong>, a society established in accordance with the laws of United Mexican States , with address at Av. Divisi\u00f3n del Norte 525 Int 603, Colonia Del Valle Centro, Alcald\u00eda Benito Ju\u00e1rez, CP 03100, CDMX, M\u00e9xico is responsible for the use and protection of your personal data that was provided or could be provided derived of a relationship with us.<\/p><\/div><\/div>\n\n\n\n<div class=\"wp-block-uagb-info-box uagb-block-f9353869 uagb-infobox__content-wrap  uagb-infobox-icon-above-title uagb-infobox-image-valign-top\"><div class=\"uagb-ifb-content\"><div class=\"uagb-ifb-title-wrap\"><h4 class=\"uagb-ifb-title\"><strong><strong>II.-PURPOSES<\/strong><\/strong><\/h4><\/div><p class=\"uagb-ifb-desc\">The personal information we collect from you will be used for the following necessary purposes in regard of your relationship with us:<br\/> <br\/><strong>Suppliers<\/strong>. Establishing evaluations for contracts as suppliers, calculations for costs of goods and services of whose provider KAIZEN DO MEXICO S.A. DE C.V. requires, provision of goods and services that aren\u2019t supplied and payments of remunerations and invoicing.<br\/><strong>Clients<\/strong>. Tracking, updating and confirmation of hired services, communication about any changes in the services, giving information about new services, and overall, to fulfill all the hired contractual obligations.<br\/><strong>Third Parties.<\/strong> Merely for identification purposes required for access control to the different areas for security reasons. If you don\u2019t wish to provide the data, KAIZEN DO MEXICO S.A. DE C.V. reserves the right to deny the access.<strong> <\/strong><\/p><\/div><\/div>\n\n\n\n<div class=\"wp-block-uagb-info-box uagb-block-42a5bda8 uagb-infobox__content-wrap  uagb-infobox-icon-above-title uagb-infobox-image-valign-top\"><div class=\"uagb-ifb-content\"><div class=\"uagb-ifb-title-wrap\"><h4 class=\"uagb-ifb-title\"><strong><strong><strong>III.-DATA FOR AFOREMENTIONED PURPOSES<\/strong><\/strong><\/strong><\/h4><\/div><p class=\"uagb-ifb-desc\">In order to carry through with the purposes described in the present privacy policy, we will use the following personal data:<br\/> Identification data<br\/> Contact data<br\/> Labor data<br\/> Migratory data <br\/> Assets and general financial data<br\/>It is worth mentioning that for the purposes of this privacy policy, personal data considered as sensitive won\u2019t be processed.<\/p><\/div><\/div>\n\n\n\n<div class=\"wp-block-uagb-info-box uagb-block-116385c8 uagb-infobox__content-wrap  uagb-infobox-icon-above-title uagb-infobox-image-valign-top\"><div class=\"uagb-ifb-content\"><div class=\"uagb-ifb-title-wrap\"><h4 class=\"uagb-ifb-title\"><strong><strong><strong><strong>IV.-TRANSFER<\/strong><\/strong><\/strong><\/strong><\/h4><\/div><p class=\"uagb-ifb-desc\"><strong>KAIZEN DO MEXICO S.A. DE C.V<\/strong>., will be able to transfer your personal data inside and outside of the country to Customs Agencies, Carriers, Courier Services, Shipping Services, Correspondents, Agents and\/or Representatives of the Logistics Sector without interceding due to it being a necessary transfer for the basic purposes described in this privacy policy, and, for the preservation of the legal relationship with the title holders. In that same regard, <strong>KAIZEN DO MEXICO S.A. DE C.V.<\/strong> reserves the right to share all your personal data with administrative, legal or government authorities of any kind, whether in Mexico or foreign countries, as long as it is stipulated by legal mandate, government order or law.<\/p><\/div><\/div>\n\n\n\n<div class=\"wp-block-uagb-info-box uagb-block-1ab4ce06 uagb-infobox__content-wrap  uagb-infobox-icon-above-title uagb-infobox-image-valign-top\"><div class=\"uagb-ifb-content\"><div class=\"uagb-ifb-title-wrap\"><h4 class=\"uagb-ifb-title\"><strong><strong><strong><strong><strong>V.-ARCO RIGHTS<\/strong><\/strong><\/strong><\/strong><\/strong><\/h4><\/div><p class=\"uagb-ifb-desc\">You have the right to know what personal information we have about you, what we use it for, and the conditions of use we give you (Access). Also, it is your right to request the correction of your personal information in case it is outdated, inaccurate or incomplete (Rectification); That we remove it from our records or databases when it is considered that it is not being used in accordance with the principles, duties and obligations set forth in the regulations (Cancellation); As well as oppose the use of your personal information for specific purposes (Opposition). These rights are known as ARCO rights.<br\/> <br\/>In that same regard, the procedures that have been implemented for the exercising of aforesaid rights, requisites and terms, can be reviewed in the file titled <strong>ARCO Procedure.pdf<\/strong> that can be downloaded from our website <strong>https:\/\/www.kaizendo.mx\/en\/privacy-policy\/<\/strong> <\/p><\/div><\/div>\n\n\n\n<div class=\"wp-block-uagb-info-box uagb-block-0f50768f uagb-infobox__content-wrap  uagb-infobox-icon-above-title uagb-infobox-image-valign-top\"><div class=\"uagb-ifb-content\"><div class=\"uagb-ifb-title-wrap\"><h4 class=\"uagb-ifb-title\"><strong><strong><strong><strong><strong><strong>VI.-PERSONAL DATA DEPARTMENT\u200b<\/strong><\/strong><\/strong><\/strong><\/strong><\/strong><\/h4><\/div><p class=\"uagb-ifb-desc\">The personal data department is in charge of processing ARCO rights applications with the following contact information:<br\/> <br\/><strong>Address<\/strong><br\/> Av. Divisi\u00f3n del Norte 525 Int. 603, Colonia Del Valle Centro, Alcald\u00eda Benito Ju\u00e1rez, CP 03100, CDMX, M\u00e9xico<br\/><strong>Email<\/strong><br\/> avisodeprivacidad@kaizendo.mx<br\/><strong>Phone <\/strong><br\/>  (55 52) 5664 6285<strong> <\/strong><\/p><\/div><\/div>\n\n\n\n<div class=\"wp-block-uagb-info-box uagb-block-020c79a0 uagb-infobox__content-wrap  uagb-infobox-icon-above-title uagb-infobox-image-valign-top\"><div class=\"uagb-ifb-content\"><div class=\"uagb-ifb-title-wrap\"><h4 class=\"uagb-ifb-title\"><strong><strong><strong><strong><strong><strong><strong>VII.-CONSENT REVOCATION<\/strong><\/strong><\/strong><\/strong><\/strong><\/strong><\/strong><\/h4><\/div><p class=\"uagb-ifb-desc\">You can cancel the consent you have given us for the processing of your personal information. It is important to consider that in some cases we will not be able to attend to your request or conclude the use immediately, because it is possible that due to some legal obligation we will need to continue processing your personal information. You also have to consider that for certain purposes, the cancellation of your consent will mean that we won\u2019t be able to continue providing the service you requested, or the conclusion of your relationship with us.<br\/> <br\/>To cancel your consent you must submit your request to the following email address <strong>avisodeprivacidad@kaizendo.mx<\/strong>. To learn about the procedure and requirements for consent revocation, we offer you the following guide on the file <strong>ARCO Procedure.pdf<\/strong> which can be downloaded from the following link <strong>https:\/\/kaizendo.mx\/en\/privacy-policy\/<\/strong> <\/p><\/div><\/div>\n\n\n\n<div class=\"wp-block-uagb-info-box uagb-block-af943086 uagb-infobox__content-wrap  uagb-infobox-icon-above-title uagb-infobox-image-valign-top\"><div class=\"uagb-ifb-content\"><div class=\"uagb-ifb-title-wrap\"><h4 class=\"uagb-ifb-title\"><strong><strong><strong><strong><strong><strong><strong><strong>VIII.-LIMITED USE AND DISCLOSURE OF PERSONAL DATA<\/strong><\/strong><\/strong><\/strong><\/strong><\/strong><\/strong><\/strong><\/h4><\/div><p class=\"uagb-ifb-desc\">You can limit the use and disclosure of your personal data by filling out <strong>the ARCO rights request and renewal.pdf<\/strong> file located in the following link: <strong>https:\/\/kaizendo.mx\/en\/privacy-policy\/<\/strong> <br\/>directed to the following mail: <strong>avisodeprivacidad@kaizendo.mx<\/strong><br\/> <br\/>Additionally, you can register on the following public registries in order to avoid receiving advertising from our part:<br\/> Public Registry to Avoid Advertising.<br\/><br\/>For more information you can consult the PROFECO website.<strong> <\/strong><\/p><\/div><\/div>\n\n\n\n<div class=\"wp-block-uagb-info-box uagb-block-c2c73751 uagb-infobox__content-wrap  uagb-infobox-icon-above-title uagb-infobox-image-valign-top\"><div class=\"uagb-ifb-content\"><div class=\"uagb-ifb-title-wrap\"><h4 class=\"uagb-ifb-title\"><strong><strong><strong><strong><strong><strong><strong><strong><strong>IX.-TRACKING TECHNOLOGIES IN OUR INTERNET WEBSITE<\/strong><\/strong><\/strong><\/strong><\/strong><\/strong><\/strong><\/strong><\/strong><\/h4><\/div><p class=\"uagb-ifb-desc\">We inform you that we use cookies, web beacons and other technologies in our internet website, with which is possible to monitor your behavior as an internet user, and also allows us to deliver a better service and browsing experience on our website. The personal data that we gather through the use of these technologies will be used for the following purposes:<br\/> <br\/>Improve user experience on our website<br\/> <br\/>The personal data gathered through the user of these tracking technologies are the following:<br\/> <br\/> Region where the user is located<br\/> Web Browser of the user<br\/> Operative System of the user<br\/> Date and hours for start and finish of the user session.<br\/> IP Address<br\/> User device<br\/> <br\/>These cookies and other technologies can be disabled. To learn how to disable them you can consult the <strong>Deleting cookies and web beacons.pdf<\/strong> file available in our website <strong>https:\/\/kaizendo.mx\/en\/privacy-policy\/<\/strong><\/p><\/div><\/div>\n\n\n\n<div class=\"wp-block-uagb-info-box uagb-block-7834ac8a uagb-infobox__content-wrap  uagb-infobox-icon-above-title uagb-infobox-image-valign-top\"><div class=\"uagb-ifb-content\"><div class=\"uagb-ifb-title-wrap\"><h4 class=\"uagb-ifb-title\"><strong><strong><strong><strong><strong><strong><strong><strong><strong><strong>X.-PRIVACY POLICY CHANGES<\/strong><\/strong><\/strong><\/strong><\/strong><\/strong><\/strong><\/strong><\/strong><\/strong><\/h4><\/div><p class=\"uagb-ifb-desc\">This privacy policy may have modifications, changes or updates originated from new legal requirements; our own needs for the products or services we offer; our privacy practices; changes in our business model, or other causes.<br\/>These changes will be publicly available on our internet website <strong>https:\/\/www.kaizendo.mx<\/strong> inside the <strong>Privacy Policy<\/strong> section or it can be send to your last provided emali address.<br\/> <br\/><strong>Last Update: 22\/10\/2022<\/strong><br\/><br\/><\/p><div class=\"uagb-ifb-button-wrapper wp-block-button\"><a href=\"https:\/\/kaizendo.mx\/wp-content\/uploads\/2023\/07\/AvisoPrivacidad.zip\" target=\"_self\" onclick=\"return true;\" class=\"uagb-infobox-cta-link\" rel=\"noopener noreferrer\" alt=\"\"><span class=\"uagb-inline-editing\">Download Files<\/span><svg xmlns=\"https:\/\/www.w3.org\/2000\/svg\" viewbox=\"0 0 512 512\"><path d=\"M480 352h-133.5l-45.25 45.25C289.2 409.3 273.1 416 256 416s-33.16-6.656-45.25-18.75L165.5 352H32c-17.67 0-32 14.33-32 32v96c0 17.67 14.33 32 32 32h448c17.67 0 32-14.33 32-32v-96C512 366.3 497.7 352 480 352zM432 456c-13.2 0-24-10.8-24-24c0-13.2 10.8-24 24-24s24 10.8 24 24C456 445.2 445.2 456 432 456zM233.4 374.6C239.6 380.9 247.8 384 256 384s16.38-3.125 22.62-9.375l128-128c12.49-12.5 12.49-32.75 0-45.25c-12.5-12.5-32.76-12.5-45.25 0L288 274.8V32c0-17.67-14.33-32-32-32C238.3 0 224 14.33 224 32v242.8L150.6 201.4c-12.49-12.5-32.75-12.5-45.25 0c-12.49 12.5-12.49 32.75 0 45.25L233.4 374.6z\"><\/path><\/svg><\/a><\/div><\/div><\/div>\n<\/div><\/div>\n","protected":false},"excerpt":{"rendered":"<p>Privacy Policy<\/p>\n","protected":false},"author":1,"featured_media":0,"parent":0,"menu_order":0,"comment_status":"closed","ping_status":"closed","template":"","meta":{"_uag_custom_page_level_css":"","site-sidebar-layout":"no-sidebar","site-content-layout":"plain-container","ast-site-content-layout":"normal-width-container","site-content-style":"unboxed","site-sidebar-style":"unboxed","ast-global-header-display":"","ast-banner-title-visibility":"","ast-main-header-display":"","ast-hfb-above-header-display":"","ast-hfb-below-header-display":"","ast-hfb-mobile-header-display":"","site-post-title":"disabled","ast-breadcrumbs-content":"","ast-featured-img":"disabled","footer-sml-layout":"","ast-disable-related-posts":"","theme-transparent-header-meta":"enabled","adv-header-id-meta":"","stick-header-meta":"","header-above-stick-meta":"","header-main-stick-meta":"","header-below-stick-meta":"","astra-migrate-meta-layouts":"default","ast-page-background-enabled":"default","ast-page-background-meta":{"desktop":{"background-color":"","background-image":"","background-repeat":"repeat","background-position":"center center","background-size":"auto","background-attachment":"scroll","background-type":"","background-media":"","overlay-type":"","overlay-color":"","overlay-opacity":"","overlay-gradient":""},"tablet":{"background-color":"","background-image":"","background-repeat":"repeat","background-position":"center center","background-size":"auto","background-attachment":"scroll","background-type":"","background-media":"","overlay-type":"","overlay-color":"","overlay-opacity":"","overlay-gradient":""},"mobile":{"background-color":"","background-image":"","background-repeat":"repeat","background-position":"center center","background-size":"auto","background-attachment":"scroll","background-type":"","background-media":"","overlay-type":"","overlay-color":"","overlay-opacity":"","overlay-gradient":""}},"ast-content-background-meta":{"desktop":{"background-color":"var(--ast-global-color-5)","background-image":"","background-repeat":"repeat","background-position":"center center","background-size":"auto","background-attachment":"scroll","background-type":"","background-media":"","overlay-type":"","overlay-color":"","overlay-opacity":"","overlay-gradient":""},"tablet":{"background-color":"var(--ast-global-color-5)","background-image":"","background-repeat":"repeat","background-position":"center center","background-size":"auto","background-attachment":"scroll","background-type":"","background-media":"","overlay-type":"","overlay-color":"","overlay-opacity":"","overlay-gradient":""},"mobile":{"background-color":"var(--ast-global-color-5)","background-image":"","background-repeat":"repeat","background-position":"center center","background-size":"auto","background-attachment":"scroll","background-type":"","background-media":"","overlay-type":"","overlay-color":"","overlay-opacity":"","overlay-gradient":""}},"footnotes":""},"class_list":["post-3083","page","type-page","status-publish","hentry"],"featured_image_src":null,"uagb_featured_image_src":{"full":false,"thumbnail":false,"medium":false,"medium_large":false,"large":false,"1536x1536":false,"2048x2048":false},"uagb_author_info":{"display_name":"admin","author_link":"https:\/\/kaizendo.mx\/en\/author\/admin\/"},"uagb_comment_info":0,"uagb_excerpt":"Privacy Policy","_links":{"self":[{"href":"https:\/\/kaizendo.mx\/en\/wp-json\/wp\/v2\/pages\/3083","targetHints":{"allow":["GET"]}}],"collection":[{"href":"https:\/\/kaizendo.mx\/en\/wp-json\/wp\/v2\/pages"}],"about":[{"href":"https:\/\/kaizendo.mx\/en\/wp-json\/wp\/v2\/types\/page"}],"author":[{"embeddable":true,"href":"https:\/\/kaizendo.mx\/en\/wp-json\/wp\/v2\/users\/1"}],"replies":[{"embeddable":true,"href":"https:\/\/kaizendo.mx\/en\/wp-json\/wp\/v2\/comments?post=3083"}],"version-history":[{"count":8,"href":"https:\/\/kaizendo.mx\/en\/wp-json\/wp\/v2\/pages\/3083\/revisions"}],"predecessor-version":[{"id":4558,"href":"https:\/\/kaizendo.mx\/en\/wp-json\/wp\/v2\/pages\/3083\/revisions\/4558"}],"wp:attachment":[{"href":"https:\/\/kaizendo.mx\/en\/wp-json\/wp\/v2\/media?parent=3083"}],"curies":[{"name":"wp","href":"https:\/\/api.w.org\/{rel}","templated":true}]}}